{"id":27086,"date":"2025-07-15T17:48:22","date_gmt":"2025-07-15T17:48:22","guid":{"rendered":"https:\/\/cpmenjacnica.rs\/?page_id=27086"},"modified":"2026-04-17T09:36:30","modified_gmt":"2026-04-17T09:36:30","slug":"kursna-lista","status":"publish","type":"page","link":"https:\/\/cpmenjacnica.rs\/en\/kursna-lista\/","title":{"rendered":"Exchange rates"},"content":{"rendered":"<div data-elementor-type=\"wp-page\" data-elementor-id=\"27086\" class=\"elementor elementor-27086\">\n\t\t\t\t\t\t<section data-ka-cursor-size=\"1\" class=\"elementor-section elementor-top-section elementor-element elementor-element-cd6b12f elementor-section-boxed elementor-section-height-default elementor-section-height-default\" data-id=\"cd6b12f\" data-element_type=\"section\" data-settings=\"{&quot;kng_cursor_interaction&quot;:&quot;default&quot;,&quot;kng_cursor_magnetic&quot;:&quot;none&quot;,&quot;kng_cursor_size_multiplier&quot;:{&quot;unit&quot;:&quot;px&quot;,&quot;size&quot;:1,&quot;sizes&quot;:[]}}\">\n\t\t\t\t\t\t<div class=\"elementor-container elementor-column-gap-default\">\n\t\t\t\t\t<div data-ka-cursor-size=\"1\" class=\"elementor-column elementor-col-100 elementor-top-column elementor-element elementor-element-e79b06e\" data-id=\"e79b06e\" data-element_type=\"column\" data-settings=\"{&quot;kng_cursor_interaction&quot;:&quot;default&quot;,&quot;kng_cursor_magnetic&quot;:&quot;none&quot;,&quot;kng_cursor_size_multiplier&quot;:{&quot;unit&quot;:&quot;px&quot;,&quot;size&quot;:1,&quot;sizes&quot;:[]}}\">\n\t\t\t<div class=\"elementor-widget-wrap elementor-element-populated\">\n\t\t\t\t\t\t<div data-ka-cursor-size=\"1\" class=\"elementor-element elementor-element-506ad84 elementor-widget elementor-widget-spacer\" data-id=\"506ad84\" data-element_type=\"widget\" data-settings=\"{&quot;kng_cursor_interaction&quot;:&quot;default&quot;,&quot;kng_cursor_magnetic&quot;:&quot;none&quot;,&quot;kng_cursor_size_multiplier&quot;:{&quot;unit&quot;:&quot;px&quot;,&quot;size&quot;:1,&quot;sizes&quot;:[]}}\" data-widget_type=\"spacer.default\">\n\t\t\t\t<div class=\"elementor-widget-container\">\n\t\t\t\t\t\t\t<div class=\"elementor-spacer\">\n\t\t\t<div class=\"elementor-spacer-inner\"><\/div>\n\t\t<\/div>\n\t\t\t\t\t\t<\/div>\n\t\t\t\t<\/div>\n\t\t\t\t\t<\/div>\n\t\t<\/div>\n\t\t\t\t\t<\/div>\n\t\t<\/section>\n\t\t\t\t<section data-ka-cursor-size=\"1\" class=\"elementor-section elementor-top-section elementor-element elementor-element-cedf184 elementor-section-boxed elementor-section-height-default elementor-section-height-default\" data-id=\"cedf184\" data-element_type=\"section\" data-settings=\"{&quot;background_background&quot;:&quot;gradient&quot;,&quot;kng_cursor_interaction&quot;:&quot;default&quot;,&quot;kng_cursor_magnetic&quot;:&quot;none&quot;,&quot;kng_cursor_size_multiplier&quot;:{&quot;unit&quot;:&quot;px&quot;,&quot;size&quot;:1,&quot;sizes&quot;:[]}}\">\n\t\t\t\t\t\t<div class=\"elementor-container elementor-column-gap-default\">\n\t\t\t\t\t<div data-ka-cursor-size=\"1\" class=\"elementor-column elementor-col-100 elementor-top-column elementor-element elementor-element-20838ed\" data-id=\"20838ed\" data-element_type=\"column\" data-settings=\"{&quot;kng_cursor_interaction&quot;:&quot;default&quot;,&quot;kng_cursor_magnetic&quot;:&quot;none&quot;,&quot;kng_cursor_size_multiplier&quot;:{&quot;unit&quot;:&quot;px&quot;,&quot;size&quot;:1,&quot;sizes&quot;:[]}}\">\n\t\t\t<div class=\"elementor-widget-wrap elementor-element-populated\">\n\t\t\t\t\t\t<section data-ka-cursor-size=\"1\" class=\"elementor-section elementor-inner-section elementor-element elementor-element-756a43d elementor-section-boxed elementor-section-height-default elementor-section-height-default elementor-invisible\" data-id=\"756a43d\" data-element_type=\"section\" data-settings=\"{&quot;animation&quot;:&quot;fadeIn&quot;,&quot;kng_cursor_interaction&quot;:&quot;default&quot;,&quot;kng_cursor_magnetic&quot;:&quot;none&quot;,&quot;kng_cursor_size_multiplier&quot;:{&quot;unit&quot;:&quot;px&quot;,&quot;size&quot;:1,&quot;sizes&quot;:[]}}\">\n\t\t\t\t\t\t<div class=\"elementor-container elementor-column-gap-default\">\n\t\t\t\t\t<div data-ka-cursor-size=\"1\" class=\"elementor-column elementor-col-100 elementor-inner-column elementor-element elementor-element-78f355e\" data-id=\"78f355e\" data-element_type=\"column\" data-settings=\"{&quot;kng_cursor_interaction&quot;:&quot;default&quot;,&quot;kng_cursor_magnetic&quot;:&quot;none&quot;,&quot;kng_cursor_size_multiplier&quot;:{&quot;unit&quot;:&quot;px&quot;,&quot;size&quot;:1,&quot;sizes&quot;:[]}}\">\n\t\t\t<div class=\"elementor-widget-wrap elementor-element-populated\">\n\t\t\t\t\t\t<div data-ka-cursor-size=\"1\" class=\"elementor-element elementor-element-8abb720 elementor-widget elementor-widget-html\" data-id=\"8abb720\" data-element_type=\"widget\" data-settings=\"{&quot;kng_cursor_interaction&quot;:&quot;default&quot;,&quot;kng_cursor_magnetic&quot;:&quot;none&quot;,&quot;kng_cursor_size_multiplier&quot;:{&quot;unit&quot;:&quot;px&quot;,&quot;size&quot;:1,&quot;sizes&quot;:[]}}\" data-widget_type=\"html.default\">\n\t\t\t\t<div class=\"elementor-widget-container\">\n\t\t\t\t\t<div style=\"display: flex; justify-content: center; align-items: center; flex-wrap: wrap; gap: 10px; font-family: 'Space Grotesk', sans-serif; font-size: 16px; line-height: 1.6; text-align: center;\" class=\"translation-block\"><a href=\"\/en\/\" style=\"color: #FFAD02;font-weight: 600;text-decoration: none\" target=\"_self\">CP EXCHANGE<\/a>\n  <span style=\"color: #01002A;font-size: 18px\">\u279c<\/span>\n  <a href=\"\/en\/kursna-lista\/\" style=\"color: #FFAD02;font-weight: 600;text-decoration: none\" target=\"_self\">EXCHANGE RATES<\/a><\/div>\r\n\t\t\t\t<\/div>\n\t\t\t\t<\/div>\n\t\t\t\t<div data-ka-cursor-size=\"1\" class=\"elementor-element elementor-element-2e57029 elementor-widget-mobile__width-initial elementor-widget elementor-widget-text-editor\" data-id=\"2e57029\" data-element_type=\"widget\" data-settings=\"{&quot;kng_cursor_interaction&quot;:&quot;default&quot;,&quot;kng_cursor_magnetic&quot;:&quot;none&quot;,&quot;kng_cursor_size_multiplier&quot;:{&quot;unit&quot;:&quot;px&quot;,&quot;size&quot;:1,&quot;sizes&quot;:[]}}\" data-widget_type=\"text-editor.default\">\n\t\t\t\t<div class=\"elementor-widget-container\">\n\t\t\t\t\t\t\t\t\t<p>Exchange rates<\/p>\t\t\t\t\t\t\t\t<\/div>\n\t\t\t\t<\/div>\n\t\t\t\t<div data-ka-cursor-size=\"1\" class=\"elementor-element elementor-element-9e3b075 elementor-widget elementor-widget-text-editor\" data-id=\"9e3b075\" data-element_type=\"widget\" data-settings=\"{&quot;kng_cursor_interaction&quot;:&quot;default&quot;,&quot;kng_cursor_magnetic&quot;:&quot;none&quot;,&quot;kng_cursor_size_multiplier&quot;:{&quot;unit&quot;:&quot;px&quot;,&quot;size&quot;:1,&quot;sizes&quot;:[]}}\" data-widget_type=\"text-editor.default\">\n\t\t\t\t<div class=\"elementor-widget-container\">\n\t\t\t\t\t\t\t\t\t<p>The buying and selling rate of the CP Exchange office and the official middle rate of the National Bank of Serbia of the world's leading currencies.<\/p>\t\t\t\t\t\t\t\t<\/div>\n\t\t\t\t<\/div>\n\t\t\t\t\t<\/div>\n\t\t<\/div>\n\t\t\t\t\t<\/div>\n\t\t<\/section>\n\t\t\t\t\t<\/div>\n\t\t<\/div>\n\t\t\t\t\t<\/div>\n\t\t<\/section>\n\t\t\t\t<section data-ka-cursor-size=\"1\" class=\"elementor-section elementor-top-section elementor-element elementor-element-967f92e kng-particles-bg-yes elementor-section-boxed elementor-section-height-default elementor-section-height-default\" data-id=\"967f92e\" data-element_type=\"section\" data-settings=\"{&quot;background_background&quot;:&quot;classic&quot;,&quot;kng_particles_bg_switch&quot;:&quot;yes&quot;,&quot;kng_particles_bg_type&quot;:&quot;nasa&quot;,&quot;kng_particles_bg_color&quot;:&quot;#01002A&quot;,&quot;kng_particles_bg_number_nasa&quot;:150,&quot;kng_particles_bg_size_nasa&quot;:2,&quot;kng_particles_bg_shape_type&quot;:&quot;edge&quot;,&quot;kng_particles_bg_anim_speed_nasa&quot;:1,&quot;kng_particles_bg_z_index&quot;:0,&quot;kng_particles_bg_move_direction&quot;:&quot;none&quot;,&quot;kng_cursor_interaction&quot;:&quot;default&quot;,&quot;kng_cursor_magnetic&quot;:&quot;none&quot;,&quot;kng_cursor_size_multiplier&quot;:{&quot;unit&quot;:&quot;px&quot;,&quot;size&quot;:1,&quot;sizes&quot;:[]}}\">\n\t\t\t\t\t\t<div class=\"elementor-container elementor-column-gap-default\">\n\t\t\t\t\t<div data-ka-cursor-size=\"1\" class=\"elementor-column elementor-col-100 elementor-top-column elementor-element elementor-element-04fe1a8 elementor-invisible\" data-id=\"04fe1a8\" data-element_type=\"column\" data-settings=\"{&quot;background_background&quot;:&quot;classic&quot;,&quot;animation&quot;:&quot;fadeInDown&quot;,&quot;animation_delay&quot;:300,&quot;kng_cursor_interaction&quot;:&quot;default&quot;,&quot;kng_cursor_magnetic&quot;:&quot;none&quot;,&quot;kng_cursor_size_multiplier&quot;:{&quot;unit&quot;:&quot;px&quot;,&quot;size&quot;:1,&quot;sizes&quot;:[]}}\">\n\t\t\t<div class=\"elementor-widget-wrap elementor-element-populated\">\n\t\t\t\t\t\t<div data-ka-cursor-size=\"1\" class=\"elementor-element elementor-element-7453b09 elementor-widget elementor-widget-html\" data-id=\"7453b09\" data-element_type=\"widget\" data-settings=\"{&quot;kng_cursor_interaction&quot;:&quot;default&quot;,&quot;kng_cursor_magnetic&quot;:&quot;none&quot;,&quot;kng_cursor_size_multiplier&quot;:{&quot;unit&quot;:&quot;px&quot;,&quot;size&quot;:1,&quot;sizes&quot;:[]}}\" data-widget_type=\"html.default\">\n\t\t\t\t<div class=\"elementor-widget-container\">\n\t\t\t\t\t    <div class=\"kursna-responsive\">\n    <table class=\"kursna-lista\">\n        <thead>\n            <tr>\n                <th>CURRENCY<\/th>\n                <th>CURRENCY NAME<\/th>\n                <th>BUY<\/th>\n                <th>MID<\/th>\n                <th>SELL<\/th>\n            <\/tr>\n        <\/thead>\n        <tbody>\n                        <tr>\n                <td style=\"text-align:left;\">\n                    <img decoding=\"async\" data-src=\"https:\/\/cpmenjacnica.rs\/wp-content\/themes\/apka\/images\/flags\/eu.svg\" alt=\"EUR\" src=\"data:image\/svg+xml;base64,PHN2ZyB3aWR0aD0iMSIgaGVpZ2h0PSIxIiB4bWxucz0iaHR0cDovL3d3dy53My5vcmcvMjAwMC9zdmciPjwvc3ZnPg==\" class=\"lazyload\">\n                    EUR                <\/td>\n                <td>Euro<\/td>\n                <td>117.10 RSD<\/td>\n                <td>117.38 RSD<\/td>\n                <td>118.30 RSD<\/td>\n            <\/tr>\n                        <tr>\n                <td style=\"text-align:left;\">\n                    <img decoding=\"async\" data-src=\"https:\/\/cpmenjacnica.rs\/wp-content\/themes\/apka\/images\/flags\/us.svg\" alt=\"USD\" src=\"data:image\/svg+xml;base64,PHN2ZyB3aWR0aD0iMSIgaGVpZ2h0PSIxIiB4bWxucz0iaHR0cDovL3d3dy53My5vcmcvMjAwMC9zdmciPjwvc3ZnPg==\" class=\"lazyload\">\n                    USD                <\/td>\n                <td>U.S. Dollar<\/td>\n                <td>97.50 RSD<\/td>\n                <td>99.61 RSD<\/td>\n                <td>100.50 RSD<\/td>\n            <\/tr>\n                        <tr>\n                <td style=\"text-align:left;\">\n                    <img decoding=\"async\" data-src=\"https:\/\/cpmenjacnica.rs\/wp-content\/themes\/apka\/images\/flags\/ch.svg\" alt=\"CHF\" src=\"data:image\/svg+xml;base64,PHN2ZyB3aWR0aD0iMSIgaGVpZ2h0PSIxIiB4bWxucz0iaHR0cDovL3d3dy53My5vcmcvMjAwMC9zdmciPjwvc3ZnPg==\" class=\"lazyload\">\n                    CHF                <\/td>\n                <td>Swiss Franc<\/td>\n                <td>125.50 RSD<\/td>\n                <td>127.16 RSD<\/td>\n                <td>128.50 RSD<\/td>\n            <\/tr>\n                        <tr>\n                <td style=\"text-align:left;\">\n                    <img decoding=\"async\" data-src=\"https:\/\/cpmenjacnica.rs\/wp-content\/themes\/apka\/images\/flags\/gb.svg\" alt=\"GBP\" src=\"data:image\/svg+xml;base64,PHN2ZyB3aWR0aD0iMSIgaGVpZ2h0PSIxIiB4bWxucz0iaHR0cDovL3d3dy53My5vcmcvMjAwMC9zdmciPjwvc3ZnPg==\" class=\"lazyload\">\n                    GBP                <\/td>\n                <td>British Pound<\/td>\n                <td>129.00 RSD<\/td>\n                <td>134.65 RSD<\/td>\n                <td>139.00 RSD<\/td>\n            <\/tr>\n                        <tr>\n                <td style=\"text-align:left;\">\n                    <img decoding=\"async\" data-src=\"https:\/\/cpmenjacnica.rs\/wp-content\/themes\/apka\/images\/flags\/au.svg\" alt=\"AUD\" src=\"data:image\/svg+xml;base64,PHN2ZyB3aWR0aD0iMSIgaGVpZ2h0PSIxIiB4bWxucz0iaHR0cDovL3d3dy53My5vcmcvMjAwMC9zdmciPjwvc3ZnPg==\" class=\"lazyload\">\n                    AUD                <\/td>\n                <td>Australian Dollar<\/td>\n                <td>63.00 RSD<\/td>\n                <td>71.39 RSD<\/td>\n                <td>68.00 RSD<\/td>\n            <\/tr>\n                        <tr>\n                <td style=\"text-align:left;\">\n                    <img decoding=\"async\" data-src=\"https:\/\/cpmenjacnica.rs\/wp-content\/themes\/apka\/images\/flags\/ca.svg\" alt=\"CAD\" src=\"data:image\/svg+xml;base64,PHN2ZyB3aWR0aD0iMSIgaGVpZ2h0PSIxIiB4bWxucz0iaHR0cDovL3d3dy53My5vcmcvMjAwMC9zdmciPjwvc3ZnPg==\" class=\"lazyload\">\n                    CAD                <\/td>\n                <td>Canadian Dollar<\/td>\n                <td>69.00 RSD<\/td>\n                <td>72.78 RSD<\/td>\n                <td>75.00 RSD<\/td>\n            <\/tr>\n                    <\/tbody>\n    <\/table>\n    <\/div>\n    \t\t\t\t<\/div>\n\t\t\t\t<\/div>\n\t\t\t\t<div data-ka-cursor-size=\"1\" class=\"elementor-element elementor-element-676633c elementor-widget elementor-widget-text-editor\" data-id=\"676633c\" data-element_type=\"widget\" data-settings=\"{&quot;kng_cursor_interaction&quot;:&quot;default&quot;,&quot;kng_cursor_magnetic&quot;:&quot;none&quot;,&quot;kng_cursor_size_multiplier&quot;:{&quot;unit&quot;:&quot;px&quot;,&quot;size&quot;:1,&quot;sizes&quot;:[]}}\" data-widget_type=\"text-editor.default\">\n\t\t\t\t<div class=\"elementor-widget-container\">\n\t\t\t\t\t\t\t\t\t<h6 style=\"color: #ffad02;\">Napomena:<\/h6>\n<h6><em>Prikazani kursevi na sajtu su informativnog karaktera i mogu se razlikovati od menja\u010dnice do menja\u010dnice. Za ta\u010dan i va\u017ee\u0107i kurs preporu\u010dujemo da nas pozovete pre dolaska.<\/em><\/h6>\t\t\t\t\t\t\t\t<\/div>\n\t\t\t\t<\/div>\n\t\t\t\t\t<\/div>\n\t\t<\/div>\n\t\t\t\t\t<\/div>\n\t\t<\/section>\n\t\t<script type=\"text\/javascript\">\n\/* <![CDATA[ *\/\ndocument.querySelector('.elementor-element-967f92e').insertAdjacentHTML('afterbegin', '<div id=\"king-addons-particles-container-967f92e\" style=\"position: absolute; top: 0; left: 0; width: 100%; height: 100%; z-index: 0;\"><\/div>');document.addEventListener(\"DOMContentLoaded\", function() {particlesJS('king-addons-particles-container-967f92e',{\n        \"particles\": {\n          \"number\": {\n            \"value\": 150,\n            \"density\": {\n              \"enable\": true,\n              \"value_area\": 800\n            }\n          },\n          \"color\": {\n            \"value\": \"#01002A\"\n          },\n          \"shape\": {\n            \"type\": \"edge\",\n            \"stroke\": {\n              \"width\": 0,\n              \"color\": \"#000000\"\n            },\n            \"polygon\": {\n              \"nb_sides\": 5\n            }\n          },\n          \"opacity\": {\n            \"value\": 1,\n            \"random\": true,\n            \"anim\": {\n              \"enable\": true,\n              \"speed\": 1,\n              \"opacity_min\": 0,\n              \"sync\": false\n            }\n          },\n          \"size\": {\n            \"value\": 2,\n            \"random\": true,\n            \"anim\": {\n              \"enable\": false,\n              \"speed\": 4,\n              \"size_min\": 0.3,\n              \"sync\": false\n            }\n          },\n          \"line_linked\": {\n            \"enable\": false,\n            \"distance\": 150,\n            \"color\": \"#ffffff\",\n            \"opacity\": 0.4,\n            \"width\": 1\n          },\n          \"move\": {\n            \"enable\": true,\n            \"speed\": 1,\n            \"direction\": \"none\",\n            \"random\": true,\n            \"straight\": false,\n            \"out_mode\": \"out\",\n            \"bounce\": false,\n            \"attract\": {\n              \"enable\": false,\n              \"rotateX\": 600,\n              \"rotateY\": 600\n            }\n          }\n        },\n        \"interactivity\": {\n          \"detect_on\": \"canvas\",\n          \"events\": {\n            \"onhover\": {\n              \"enable\": false,\n              \"mode\": \"bubble\"\n            },\n            \"onclick\": {\n              \"enable\": false,\n              \"mode\": \"repulse\"\n            },\n            \"resize\": true\n          },\n          \"modes\": {\n            \"grab\": {\n              \"distance\": 400,\n              \"line_linked\": {\n                \"opacity\": 1\n              }\n            },\n            \"bubble\": {\n              \"distance\": 250,\n              \"size\": 0,\n              \"duration\": 2,\n              \"opacity\": 0,\n              \"speed\": 3\n            },\n            \"repulse\": {\n              \"distance\": 400,\n              \"duration\": 0.4\n            },\n            \"push\": {\n              \"particles_nb\": 4\n            },\n            \"remove\": {\n              \"particles_nb\": 2\n            }\n          }\n        },\n        \"retina_detect\": true\n    });});\n\/* ]]> *\/\n<\/script>\n\t\t<\/div>","protected":false},"excerpt":{"rendered":"<p>CP MENJA\u010cNICA \u279c KURSNA LISTA Kursna lista Kupovni i prodajni kurs CP menja\u010dnice i zvani\u010dni srednji kurs Narodne banke Srbije vode\u0107ih svetskih valuta. Napomena: Prikazani kursevi na sajtu su informativnog karaktera i mogu se razlikovati od menja\u010dnice do menja\u010dnice. Za ta\u010dan i va\u017ee\u0107i kurs preporu\u010dujemo da nas pozovete pre dolaska.<\/p>","protected":false},"author":1,"featured_media":0,"parent":0,"menu_order":0,"comment_status":"closed","ping_status":"closed","template":"page-templates\/template-full-width-page-without-header-title.php","meta":{"_yoast_wpseo_focuskw":"kursna lista menja\u010dnice","_yoast_wpseo_title":"Kursna Lista - Menja\u010dnica CP | Dana\u0161nji Kurs Valuta","_yoast_wpseo_metadesc":"Pogledajte aktuelnu kursnu listu CP menja\u010dnice. Povoljni kursevi za euro, dolar i ostale valute - a\u017eurirano svakodnevno.","_yoast_wpseo_linkdex":"49","_yoast_wpseo_content_score":"90","footnotes":""},"class_list":["post-27086","page","type-page","status-publish","hentry"],"schema_jsonld":"","yoast_seo":{"focus_keyphrase":"kursna lista menja\u010dnice","seo_title":"Kursna Lista - Menja\u010dnica CP | Dana\u0161nji Kurs Valuta","meta_description":"Pogledajte aktuelnu kursnu listu CP menja\u010dnice. Povoljni kursevi za euro, dolar i ostale valute - a\u017eurirano svakodnevno."},"yoast_head":"<!-- This site is optimized with the Yoast SEO plugin v26.8 - https:\/\/yoast.com\/product\/yoast-seo-wordpress\/ -->\n<title>Kursna Lista - Menja\u010dnica CP | Dana\u0161nji Kurs Valuta<\/title>\n<meta name=\"description\" content=\"Pogledajte aktuelnu kursnu listu CP menja\u010dnice. Povoljni kursevi za euro, dolar i ostale valute - a\u017eurirano svakodnevno.\" \/>\n<meta name=\"robots\" content=\"index, follow, max-snippet:-1, max-image-preview:large, max-video-preview:-1\" \/>\n<link rel=\"canonical\" href=\"https:\/\/cpmenjacnica.rs\/en\/kursna-lista\/\" \/>\n<meta property=\"og:locale\" content=\"en_US\" \/>\n<meta property=\"og:type\" content=\"article\" \/>\n<meta property=\"og:title\" content=\"Kursna Lista - Menja\u010dnica CP | Dana\u0161nji Kurs Valuta\" \/>\n<meta property=\"og:description\" content=\"Pogledajte aktuelnu kursnu listu CP menja\u010dnice. Povoljni kursevi za euro, dolar i ostale valute - a\u017eurirano svakodnevno.\" \/>\n<meta property=\"og:url\" content=\"https:\/\/cpmenjacnica.rs\/en\/kursna-lista\/\" \/>\n<meta property=\"og:site_name\" content=\"CP Menja\u010dnica\" \/>\n<meta property=\"article:modified_time\" content=\"2026-04-17T09:36:30+00:00\" \/>\n<meta name=\"twitter:card\" content=\"summary_large_image\" \/>\n<meta name=\"twitter:label1\" content=\"Est. reading time\" \/>\n\t<meta name=\"twitter:data1\" content=\"1 minute\" \/>\n<script type=\"application\/ld+json\" class=\"yoast-schema-graph\">{\"@context\":\"https:\/\/schema.org\",\"@graph\":[{\"@type\":\"WebPage\",\"@id\":\"https:\/\/cpmenjacnica.rs\/kursna-lista\/\",\"url\":\"https:\/\/cpmenjacnica.rs\/kursna-lista\/\",\"name\":\"Kursna Lista - Menja\u010dnica CP | Dana\u0161nji Kurs Valuta\",\"isPartOf\":{\"@id\":\"https:\/\/cpmenjacnica.rs\/#website\"},\"datePublished\":\"2025-07-15T17:48:22+00:00\",\"dateModified\":\"2026-04-17T09:36:30+00:00\",\"description\":\"Pogledajte aktuelnu kursnu listu CP menja\u010dnice. Povoljni kursevi za euro, dolar i ostale valute - a\u017eurirano svakodnevno.\",\"breadcrumb\":{\"@id\":\"https:\/\/cpmenjacnica.rs\/kursna-lista\/#breadcrumb\"},\"inLanguage\":\"en-US\",\"potentialAction\":[{\"@type\":\"ReadAction\",\"target\":[\"https:\/\/cpmenjacnica.rs\/kursna-lista\/\"]}]},{\"@type\":\"BreadcrumbList\",\"@id\":\"https:\/\/cpmenjacnica.rs\/kursna-lista\/#breadcrumb\",\"itemListElement\":[{\"@type\":\"ListItem\",\"position\":1,\"name\":\"Home\",\"item\":\"https:\/\/cpmenjacnica.rs\/\"},{\"@type\":\"ListItem\",\"position\":2,\"name\":\"Kursna lista\"}]},{\"@type\":\"WebSite\",\"@id\":\"https:\/\/cpmenjacnica.rs\/#website\",\"url\":\"https:\/\/cpmenjacnica.rs\/\",\"name\":\"CP Menja\u010dnica\",\"description\":\"Po\u010detna\",\"publisher\":{\"@id\":\"https:\/\/cpmenjacnica.rs\/#organization\"},\"potentialAction\":[{\"@type\":\"SearchAction\",\"target\":{\"@type\":\"EntryPoint\",\"urlTemplate\":\"https:\/\/cpmenjacnica.rs\/?s={search_term_string}\"},\"query-input\":{\"@type\":\"PropertyValueSpecification\",\"valueRequired\":true,\"valueName\":\"search_term_string\"}}],\"inLanguage\":\"en-US\"},{\"@type\":\"Organization\",\"@id\":\"https:\/\/cpmenjacnica.rs\/#organization\",\"name\":\"CP Menja\u010dnica\",\"url\":\"https:\/\/cpmenjacnica.rs\/\",\"logo\":{\"@type\":\"ImageObject\",\"inLanguage\":\"en-US\",\"@id\":\"https:\/\/cpmenjacnica.rs\/#\/schema\/logo\/image\/\",\"url\":\"https:\/\/cpmenjacnica.rs\/wp-content\/uploads\/2025\/07\/cropped-ChatGPT-Image-Jul-15-2025-01_45_14-PM.png\",\"contentUrl\":\"https:\/\/cpmenjacnica.rs\/wp-content\/uploads\/2025\/07\/cropped-ChatGPT-Image-Jul-15-2025-01_45_14-PM.png\",\"width\":1024,\"height\":1024,\"caption\":\"CP Menja\u010dnica\"},\"image\":{\"@id\":\"https:\/\/cpmenjacnica.rs\/#\/schema\/logo\/image\/\"}}]}<\/script>\n<!-- \/ Yoast SEO plugin. -->","yoast_head_json":{"title":"Kursna Lista - Menja\u010dnica CP | Dana\u0161nji Kurs Valuta","description":"Pogledajte aktuelnu kursnu listu CP menja\u010dnice. Povoljni kursevi za euro, dolar i ostale valute - a\u017eurirano svakodnevno.","robots":{"index":"index","follow":"follow","max-snippet":"max-snippet:-1","max-image-preview":"max-image-preview:large","max-video-preview":"max-video-preview:-1"},"canonical":"https:\/\/cpmenjacnica.rs\/en\/kursna-lista\/","og_locale":"en_US","og_type":"article","og_title":"Kursna Lista - Menja\u010dnica CP | Dana\u0161nji Kurs Valuta","og_description":"Pogledajte aktuelnu kursnu listu CP menja\u010dnice. Povoljni kursevi za euro, dolar i ostale valute - a\u017eurirano svakodnevno.","og_url":"https:\/\/cpmenjacnica.rs\/en\/kursna-lista\/","og_site_name":"CP Menja\u010dnica","article_modified_time":"2026-04-17T09:36:30+00:00","twitter_card":"summary_large_image","twitter_misc":{"Est. reading time":"1 minute"},"schema":{"@context":"https:\/\/schema.org","@graph":[{"@type":"WebPage","@id":"https:\/\/cpmenjacnica.rs\/kursna-lista\/","url":"https:\/\/cpmenjacnica.rs\/kursna-lista\/","name":"Kursna Lista - Menja\u010dnica CP | Dana\u0161nji Kurs Valuta","isPartOf":{"@id":"https:\/\/cpmenjacnica.rs\/#website"},"datePublished":"2025-07-15T17:48:22+00:00","dateModified":"2026-04-17T09:36:30+00:00","description":"Pogledajte aktuelnu kursnu listu CP menja\u010dnice. Povoljni kursevi za euro, dolar i ostale valute - a\u017eurirano svakodnevno.","breadcrumb":{"@id":"https:\/\/cpmenjacnica.rs\/kursna-lista\/#breadcrumb"},"inLanguage":"en-US","potentialAction":[{"@type":"ReadAction","target":["https:\/\/cpmenjacnica.rs\/kursna-lista\/"]}]},{"@type":"BreadcrumbList","@id":"https:\/\/cpmenjacnica.rs\/kursna-lista\/#breadcrumb","itemListElement":[{"@type":"ListItem","position":1,"name":"Home","item":"https:\/\/cpmenjacnica.rs\/"},{"@type":"ListItem","position":2,"name":"Kursna lista"}]},{"@type":"WebSite","@id":"https:\/\/cpmenjacnica.rs\/#website","url":"https:\/\/cpmenjacnica.rs\/","name":"CP Exchange","description":"Po\u010detna","publisher":{"@id":"https:\/\/cpmenjacnica.rs\/#organization"},"potentialAction":[{"@type":"SearchAction","target":{"@type":"EntryPoint","urlTemplate":"https:\/\/cpmenjacnica.rs\/?s={search_term_string}"},"query-input":{"@type":"PropertyValueSpecification","valueRequired":true,"valueName":"search_term_string"}}],"inLanguage":"en-US"},{"@type":"Organization","@id":"https:\/\/cpmenjacnica.rs\/#organization","name":"CP Exchange","url":"https:\/\/cpmenjacnica.rs\/","logo":{"@type":"ImageObject","inLanguage":"en-US","@id":"https:\/\/cpmenjacnica.rs\/#\/schema\/logo\/image\/","url":"https:\/\/cpmenjacnica.rs\/wp-content\/uploads\/2025\/07\/cropped-ChatGPT-Image-Jul-15-2025-01_45_14-PM.png","contentUrl":"https:\/\/cpmenjacnica.rs\/wp-content\/uploads\/2025\/07\/cropped-ChatGPT-Image-Jul-15-2025-01_45_14-PM.png","width":1024,"height":1024,"caption":"CP Menja\u010dnica"},"image":{"@id":"https:\/\/cpmenjacnica.rs\/#\/schema\/logo\/image\/"}}]}},"_links":{"self":[{"href":"https:\/\/cpmenjacnica.rs\/en\/wp-json\/wp\/v2\/pages\/27086","targetHints":{"allow":["GET"]}}],"collection":[{"href":"https:\/\/cpmenjacnica.rs\/en\/wp-json\/wp\/v2\/pages"}],"about":[{"href":"https:\/\/cpmenjacnica.rs\/en\/wp-json\/wp\/v2\/types\/page"}],"author":[{"embeddable":true,"href":"https:\/\/cpmenjacnica.rs\/en\/wp-json\/wp\/v2\/users\/1"}],"replies":[{"embeddable":true,"href":"https:\/\/cpmenjacnica.rs\/en\/wp-json\/wp\/v2\/comments?post=27086"}],"version-history":[{"count":105,"href":"https:\/\/cpmenjacnica.rs\/en\/wp-json\/wp\/v2\/pages\/27086\/revisions"}],"predecessor-version":[{"id":30842,"href":"https:\/\/cpmenjacnica.rs\/en\/wp-json\/wp\/v2\/pages\/27086\/revisions\/30842"}],"wp:attachment":[{"href":"https:\/\/cpmenjacnica.rs\/en\/wp-json\/wp\/v2\/media?parent=27086"}],"curies":[{"name":"wp","href":"https:\/\/api.w.org\/{rel}","templated":true}]}}