{"id":30807,"date":"2026-04-16T21:33:30","date_gmt":"2026-04-16T21:33:30","guid":{"rendered":"https:\/\/cpmenjacnica.rs\/?page_id=30807"},"modified":"2026-04-17T12:37:39","modified_gmt":"2026-04-17T12:37:39","slug":"blog","status":"publish","type":"page","link":"https:\/\/cpmenjacnica.rs\/en\/blog\/","title":{"rendered":"Blog"},"content":{"rendered":"<div data-elementor-type=\"wp-page\" data-elementor-id=\"30807\" class=\"elementor elementor-30807\">\n\t\t\t\t\t\t<section data-ka-cursor-size=\"1\" class=\"elementor-section elementor-top-section elementor-element elementor-element-cd6b12f elementor-section-boxed elementor-section-height-default elementor-section-height-default\" data-id=\"cd6b12f\" data-element_type=\"section\" data-settings=\"{&quot;kng_cursor_interaction&quot;:&quot;default&quot;,&quot;kng_cursor_magnetic&quot;:&quot;none&quot;,&quot;kng_cursor_size_multiplier&quot;:{&quot;unit&quot;:&quot;px&quot;,&quot;size&quot;:1,&quot;sizes&quot;:[]}}\">\n\t\t\t\t\t\t<div class=\"elementor-container elementor-column-gap-default\">\n\t\t\t\t\t<div data-ka-cursor-size=\"1\" class=\"elementor-column elementor-col-100 elementor-top-column elementor-element elementor-element-e79b06e\" data-id=\"e79b06e\" data-element_type=\"column\" data-settings=\"{&quot;kng_cursor_interaction&quot;:&quot;default&quot;,&quot;kng_cursor_magnetic&quot;:&quot;none&quot;,&quot;kng_cursor_size_multiplier&quot;:{&quot;unit&quot;:&quot;px&quot;,&quot;size&quot;:1,&quot;sizes&quot;:[]}}\">\n\t\t\t<div class=\"elementor-widget-wrap elementor-element-populated\">\n\t\t\t\t\t\t<div data-ka-cursor-size=\"1\" class=\"elementor-element elementor-element-506ad84 elementor-widget elementor-widget-spacer\" data-id=\"506ad84\" data-element_type=\"widget\" data-settings=\"{&quot;kng_cursor_interaction&quot;:&quot;default&quot;,&quot;kng_cursor_magnetic&quot;:&quot;none&quot;,&quot;kng_cursor_size_multiplier&quot;:{&quot;unit&quot;:&quot;px&quot;,&quot;size&quot;:1,&quot;sizes&quot;:[]}}\" data-widget_type=\"spacer.default\">\n\t\t\t\t<div class=\"elementor-widget-container\">\n\t\t\t\t\t\t\t<div class=\"elementor-spacer\">\n\t\t\t<div class=\"elementor-spacer-inner\"><\/div>\n\t\t<\/div>\n\t\t\t\t\t\t<\/div>\n\t\t\t\t<\/div>\n\t\t\t\t\t<\/div>\n\t\t<\/div>\n\t\t\t\t\t<\/div>\n\t\t<\/section>\n\t\t\t\t<section data-ka-cursor-size=\"1\" class=\"elementor-section elementor-top-section elementor-element elementor-element-cedf184 elementor-section-boxed elementor-section-height-default elementor-section-height-default\" data-id=\"cedf184\" data-element_type=\"section\" data-settings=\"{&quot;background_background&quot;:&quot;gradient&quot;,&quot;kng_cursor_interaction&quot;:&quot;default&quot;,&quot;kng_cursor_magnetic&quot;:&quot;none&quot;,&quot;kng_cursor_size_multiplier&quot;:{&quot;unit&quot;:&quot;px&quot;,&quot;size&quot;:1,&quot;sizes&quot;:[]}}\">\n\t\t\t\t\t\t<div class=\"elementor-container elementor-column-gap-default\">\n\t\t\t\t\t<div data-ka-cursor-size=\"1\" class=\"elementor-column elementor-col-100 elementor-top-column elementor-element elementor-element-20838ed\" data-id=\"20838ed\" data-element_type=\"column\" data-settings=\"{&quot;kng_cursor_interaction&quot;:&quot;default&quot;,&quot;kng_cursor_magnetic&quot;:&quot;none&quot;,&quot;kng_cursor_size_multiplier&quot;:{&quot;unit&quot;:&quot;px&quot;,&quot;size&quot;:1,&quot;sizes&quot;:[]}}\">\n\t\t\t<div class=\"elementor-widget-wrap elementor-element-populated\">\n\t\t\t\t\t\t<section data-ka-cursor-size=\"1\" class=\"elementor-section elementor-inner-section elementor-element elementor-element-756a43d elementor-section-boxed elementor-section-height-default elementor-section-height-default elementor-invisible\" data-id=\"756a43d\" data-element_type=\"section\" data-settings=\"{&quot;animation&quot;:&quot;fadeIn&quot;,&quot;kng_cursor_interaction&quot;:&quot;default&quot;,&quot;kng_cursor_magnetic&quot;:&quot;none&quot;,&quot;kng_cursor_size_multiplier&quot;:{&quot;unit&quot;:&quot;px&quot;,&quot;size&quot;:1,&quot;sizes&quot;:[]}}\">\n\t\t\t\t\t\t<div class=\"elementor-container elementor-column-gap-default\">\n\t\t\t\t\t<div data-ka-cursor-size=\"1\" class=\"elementor-column elementor-col-100 elementor-inner-column elementor-element elementor-element-78f355e\" data-id=\"78f355e\" data-element_type=\"column\" data-settings=\"{&quot;kng_cursor_interaction&quot;:&quot;default&quot;,&quot;kng_cursor_magnetic&quot;:&quot;none&quot;,&quot;kng_cursor_size_multiplier&quot;:{&quot;unit&quot;:&quot;px&quot;,&quot;size&quot;:1,&quot;sizes&quot;:[]}}\">\n\t\t\t<div class=\"elementor-widget-wrap elementor-element-populated\">\n\t\t\t\t\t\t<div data-ka-cursor-size=\"1\" class=\"elementor-element elementor-element-8abb720 elementor-widget elementor-widget-html\" data-id=\"8abb720\" data-element_type=\"widget\" data-settings=\"{&quot;kng_cursor_interaction&quot;:&quot;default&quot;,&quot;kng_cursor_magnetic&quot;:&quot;none&quot;,&quot;kng_cursor_size_multiplier&quot;:{&quot;unit&quot;:&quot;px&quot;,&quot;size&quot;:1,&quot;sizes&quot;:[]}}\" data-widget_type=\"html.default\">\n\t\t\t\t<div class=\"elementor-widget-container\">\n\t\t\t\t\t<div style=\"display: flex; justify-content: center; align-items: center; flex-wrap: wrap; gap: 10px; font-family: 'Space Grotesk', sans-serif; font-size: 16px; line-height: 1.6; text-align: center;\">\r\n  <a href=\"\/en\/\" style=\"color: #FFAD02; font-weight: 600; text-decoration: none;\">CP EXCHANGE<\/a>\r\n  <span style=\"color: #01002A; font-size: 18px;\">\u279c<\/span>\r\n  <a href=\"\/en\/blog\/\" style=\"color: #FFAD02; font-weight: 600; text-decoration: none;\">BLOG<\/a>\r\n<\/div>\r\n\t\t\t\t<\/div>\n\t\t\t\t<\/div>\n\t\t\t\t<div data-ka-cursor-size=\"1\" class=\"elementor-element elementor-element-2e57029 elementor-widget-mobile__width-initial elementor-widget elementor-widget-text-editor\" data-id=\"2e57029\" data-element_type=\"widget\" data-settings=\"{&quot;kng_cursor_interaction&quot;:&quot;default&quot;,&quot;kng_cursor_magnetic&quot;:&quot;none&quot;,&quot;kng_cursor_size_multiplier&quot;:{&quot;unit&quot;:&quot;px&quot;,&quot;size&quot;:1,&quot;sizes&quot;:[]}}\" data-widget_type=\"text-editor.default\">\n\t\t\t\t<div class=\"elementor-widget-container\">\n\t\t\t\t\t\t\t\t\t<p>Blog<\/p>\t\t\t\t\t\t\t\t<\/div>\n\t\t\t\t<\/div>\n\t\t\t\t<div data-ka-cursor-size=\"1\" class=\"elementor-element elementor-element-9e3b075 elementor-widget elementor-widget-text-editor\" data-id=\"9e3b075\" data-element_type=\"widget\" data-settings=\"{&quot;kng_cursor_interaction&quot;:&quot;default&quot;,&quot;kng_cursor_magnetic&quot;:&quot;none&quot;,&quot;kng_cursor_size_multiplier&quot;:{&quot;unit&quot;:&quot;px&quot;,&quot;size&quot;:1,&quot;sizes&quot;:[]}}\" data-widget_type=\"text-editor.default\">\n\t\t\t\t<div class=\"elementor-widget-container\">\n\t\t\t\t\t\t\t\t\t<p data-start=\"820\" data-end=\"993\">Na ovoj stranici mo\u017eete prona\u0107i najnovije informacije o kursu evra danas, savete za zamenu valuta i analize tr\u017ei\u0161ta koje vam poma\u017eu da dobijete najbolji kurs u Beogradu.<\/p>\t\t\t\t\t\t\t\t<\/div>\n\t\t\t\t<\/div>\n\t\t\t\t\t<\/div>\n\t\t<\/div>\n\t\t\t\t\t<\/div>\n\t\t<\/section>\n\t\t\t\t\t<\/div>\n\t\t<\/div>\n\t\t\t\t\t<\/div>\n\t\t<\/section>\n\t\t\t\t<section data-ka-cursor-size=\"1\" class=\"elementor-section elementor-top-section elementor-element elementor-element-6a64fc2 elementor-section-boxed elementor-section-height-default elementor-section-height-default\" data-id=\"6a64fc2\" data-element_type=\"section\" data-settings=\"{&quot;background_background&quot;:&quot;gradient&quot;,&quot;kng_cursor_interaction&quot;:&quot;default&quot;,&quot;kng_cursor_magnetic&quot;:&quot;none&quot;,&quot;kng_cursor_size_multiplier&quot;:{&quot;unit&quot;:&quot;px&quot;,&quot;size&quot;:1,&quot;sizes&quot;:[]}}\">\n\t\t\t\t\t\t<div class=\"elementor-container elementor-column-gap-default\">\n\t\t\t\t\t<div data-ka-cursor-size=\"1\" class=\"elementor-column elementor-col-100 elementor-top-column elementor-element elementor-element-2454ef3\" data-id=\"2454ef3\" data-element_type=\"column\" data-settings=\"{&quot;kng_cursor_interaction&quot;:&quot;default&quot;,&quot;kng_cursor_magnetic&quot;:&quot;none&quot;,&quot;kng_cursor_size_multiplier&quot;:{&quot;unit&quot;:&quot;px&quot;,&quot;size&quot;:1,&quot;sizes&quot;:[]}}\">\n\t\t\t<div class=\"elementor-widget-wrap elementor-element-populated\">\n\t\t\t\t\t\t<div data-ka-cursor-size=\"1\" class=\"elementor-element elementor-element-a6bcc19 elementor-grid-eael-col-2 elementor-grid-tablet-eael-col-2 elementor-grid-mobile-eael-col-1 elementor-widget elementor-widget-eael-post-grid\" data-id=\"a6bcc19\" data-element_type=\"widget\" data-settings=\"{&quot;eael_post_grid_columns&quot;:&quot;eael-col-2&quot;,&quot;eael_post_grid_columns_tablet&quot;:&quot;eael-col-2&quot;,&quot;eael_post_grid_columns_mobile&quot;:&quot;eael-col-1&quot;,&quot;kng_cursor_interaction&quot;:&quot;default&quot;,&quot;kng_cursor_magnetic&quot;:&quot;none&quot;,&quot;kng_cursor_size_multiplier&quot;:{&quot;unit&quot;:&quot;px&quot;,&quot;size&quot;:1,&quot;sizes&quot;:[]}}\" data-widget_type=\"eael-post-grid.default\">\n\t\t\t\t<div class=\"elementor-widget-container\">\n\t\t\t\t\t<div id=\"eael-post-grid-a6bcc19\" class=\"eael-post-grid-container\">\n            <div class=\"eael-post-grid eael-post-appender eael-post-appender-a6bcc19 eael-post-grid-style-two\" data-layout-mode=\"masonry\"><article class=\"eael-grid-post  eael-post-grid-column eael-pg-post-30653 category-lokacije\" data-id=\"30653\">\n    <div class=\"eael-grid-post-holder\">\n        <div class=\"eael-grid-post-holder-inner\"><div class=\"eael-entry-wrapper\"><header class=\"eael-entry-header\"><h1 class=\"eael-entry-title\"><a class=\"eael-grid-post-link\" href=\"https:\/\/cpmenjacnica.rs\/en\/gde-menjati-valutu-u-beogradu-sve-lokacije-cp-menjacnice\/\" title=\"Gde menjati valutu u Beogradu? &#8211; Sve lokacije CP Menja\u010dnice\">Gde menjati valutu u Beogradu? &#8211; Sve lokacije CP Menja\u010dnice<\/a><\/h1><\/header><div class=\"eael-entry-content\">\n                                <div class=\"eael-grid-post-excerpt\"><p>Gde menjati valutu u Beogradu brzo, sigurno i po povoljnom...<\/p><a href=\"https:\/\/cpmenjacnica.rs\/en\/gde-menjati-valutu-u-beogradu-sve-lokacije-cp-menjacnice\/\" class=\"eael-post-elements-readmore-btn\">Pro\u010ditaj vi\u0161e<\/a><\/div>\n                            <\/div><div class=\"eael-entry-header-after style-two\"><div class=\"eael-entry-meta\"><span class=\"eael-meta-posted-on\"><i class=\"far fa-clock\"><\/i><time datetime=\"April 16, 2026\">April 16, 2026<\/time><\/span><\/div><\/div><\/div><\/div>\n    <\/div>\n<\/article><\/div>\n            <div class=\"clearfix\"><\/div>\n        <\/div>\t\t\t\t<\/div>\n\t\t\t\t<\/div>\n\t\t\t\t\t<\/div>\n\t\t<\/div>\n\t\t\t\t\t<\/div>\n\t\t<\/section>\n\t\t\t\t<\/div>","protected":false},"excerpt":{"rendered":"<p>CP MENJA\u010cNICA \u279c BLOG Blog Na ovoj stranici mo\u017eete prona\u0107i najnovije informacije o kursu evra danas, savete za zamenu valuta i analize tr\u017ei\u0161ta koje vam poma\u017eu da dobijete najbolji kurs u Beogradu. Gde menjati valutu u Beogradu? \u2013 Sve lokacije CP Menja\u010dnice Gde menjati valutu u Beogradu brzo, sigurno i po povoljnom&#8230; Pro\u010ditaj vi\u0161e April [&hellip;]<\/p>","protected":false},"author":1,"featured_media":0,"parent":0,"menu_order":0,"comment_status":"closed","ping_status":"closed","template":"page-templates\/template-full-width-page-without-header-title.php","meta":{"_yoast_wpseo_focuskw":"blog menja\u010dnica","_yoast_wpseo_title":"Kurs evra danas | Saveti i analize - Menja\u010dnica CP","_yoast_wpseo_metadesc":"Pratite najnoviji kurs evra danas, korisne savete za zamenu valuta i saznajte kako da dobijete najbolji kurs u Beogradu.","_yoast_wpseo_linkdex":"59","_yoast_wpseo_content_score":"90","footnotes":""},"class_list":["post-30807","page","type-page","status-publish","hentry"],"schema_jsonld":"","yoast_seo":{"focus_keyphrase":"blog menja\u010dnica","seo_title":"Kurs evra danas | Saveti i analize - Menja\u010dnica CP","meta_description":"Pratite najnoviji kurs evra danas, korisne savete za zamenu valuta i saznajte kako da dobijete najbolji kurs u Beogradu."},"yoast_head":"<!-- This site is optimized with the Yoast SEO plugin v26.8 - https:\/\/yoast.com\/product\/yoast-seo-wordpress\/ -->\n<title>Kurs evra danas | Saveti i analize - Menja\u010dnica CP<\/title>\n<meta name=\"description\" content=\"Pratite najnoviji kurs evra danas, korisne savete za zamenu valuta i saznajte kako da dobijete najbolji kurs u Beogradu.\" \/>\n<meta name=\"robots\" content=\"index, follow, max-snippet:-1, max-image-preview:large, max-video-preview:-1\" \/>\n<link rel=\"canonical\" href=\"https:\/\/cpmenjacnica.rs\/en\/blog\/\" \/>\n<meta property=\"og:locale\" content=\"en_US\" \/>\n<meta property=\"og:type\" content=\"article\" \/>\n<meta property=\"og:title\" content=\"Kurs evra danas | Saveti i analize - Menja\u010dnica CP\" \/>\n<meta property=\"og:description\" content=\"Pratite najnoviji kurs evra danas, korisne savete za zamenu valuta i saznajte kako da dobijete najbolji kurs u Beogradu.\" \/>\n<meta property=\"og:url\" content=\"https:\/\/cpmenjacnica.rs\/en\/blog\/\" \/>\n<meta property=\"og:site_name\" content=\"CP Menja\u010dnica\" \/>\n<meta property=\"article:modified_time\" content=\"2026-04-17T12:37:39+00:00\" \/>\n<meta name=\"twitter:card\" content=\"summary_large_image\" \/>\n<meta name=\"twitter:label1\" content=\"Est. reading time\" \/>\n\t<meta name=\"twitter:data1\" content=\"1 minute\" \/>\n<script type=\"application\/ld+json\" class=\"yoast-schema-graph\">{\"@context\":\"https:\/\/schema.org\",\"@graph\":[{\"@type\":\"WebPage\",\"@id\":\"https:\/\/cpmenjacnica.rs\/blog\/\",\"url\":\"https:\/\/cpmenjacnica.rs\/blog\/\",\"name\":\"Kurs evra danas | Saveti i analize - Menja\u010dnica CP\",\"isPartOf\":{\"@id\":\"https:\/\/cpmenjacnica.rs\/#website\"},\"datePublished\":\"2026-04-16T21:33:30+00:00\",\"dateModified\":\"2026-04-17T12:37:39+00:00\",\"description\":\"Pratite najnoviji kurs evra danas, korisne savete za zamenu valuta i saznajte kako da dobijete najbolji kurs u Beogradu.\",\"breadcrumb\":{\"@id\":\"https:\/\/cpmenjacnica.rs\/blog\/#breadcrumb\"},\"inLanguage\":\"en-US\",\"potentialAction\":[{\"@type\":\"ReadAction\",\"target\":[\"https:\/\/cpmenjacnica.rs\/blog\/\"]}]},{\"@type\":\"BreadcrumbList\",\"@id\":\"https:\/\/cpmenjacnica.rs\/blog\/#breadcrumb\",\"itemListElement\":[{\"@type\":\"ListItem\",\"position\":1,\"name\":\"Home\",\"item\":\"https:\/\/cpmenjacnica.rs\/\"},{\"@type\":\"ListItem\",\"position\":2,\"name\":\"Blog\"}]},{\"@type\":\"WebSite\",\"@id\":\"https:\/\/cpmenjacnica.rs\/#website\",\"url\":\"https:\/\/cpmenjacnica.rs\/\",\"name\":\"CP Menja\u010dnica\",\"description\":\"Po\u010detna\",\"publisher\":{\"@id\":\"https:\/\/cpmenjacnica.rs\/#organization\"},\"potentialAction\":[{\"@type\":\"SearchAction\",\"target\":{\"@type\":\"EntryPoint\",\"urlTemplate\":\"https:\/\/cpmenjacnica.rs\/?s={search_term_string}\"},\"query-input\":{\"@type\":\"PropertyValueSpecification\",\"valueRequired\":true,\"valueName\":\"search_term_string\"}}],\"inLanguage\":\"en-US\"},{\"@type\":\"Organization\",\"@id\":\"https:\/\/cpmenjacnica.rs\/#organization\",\"name\":\"CP Menja\u010dnica\",\"url\":\"https:\/\/cpmenjacnica.rs\/\",\"logo\":{\"@type\":\"ImageObject\",\"inLanguage\":\"en-US\",\"@id\":\"https:\/\/cpmenjacnica.rs\/#\/schema\/logo\/image\/\",\"url\":\"https:\/\/cpmenjacnica.rs\/wp-content\/uploads\/2025\/07\/cropped-ChatGPT-Image-Jul-15-2025-01_45_14-PM.png\",\"contentUrl\":\"https:\/\/cpmenjacnica.rs\/wp-content\/uploads\/2025\/07\/cropped-ChatGPT-Image-Jul-15-2025-01_45_14-PM.png\",\"width\":1024,\"height\":1024,\"caption\":\"CP Menja\u010dnica\"},\"image\":{\"@id\":\"https:\/\/cpmenjacnica.rs\/#\/schema\/logo\/image\/\"}}]}<\/script>\n<!-- \/ Yoast SEO plugin. -->","yoast_head_json":{"title":"Kurs evra danas | Saveti i analize - Menja\u010dnica CP","description":"Pratite najnoviji kurs evra danas, korisne savete za zamenu valuta i saznajte kako da dobijete najbolji kurs u Beogradu.","robots":{"index":"index","follow":"follow","max-snippet":"max-snippet:-1","max-image-preview":"max-image-preview:large","max-video-preview":"max-video-preview:-1"},"canonical":"https:\/\/cpmenjacnica.rs\/en\/blog\/","og_locale":"en_US","og_type":"article","og_title":"Kurs evra danas | Saveti i analize - Menja\u010dnica CP","og_description":"Pratite najnoviji kurs evra danas, korisne savete za zamenu valuta i saznajte kako da dobijete najbolji kurs u Beogradu.","og_url":"https:\/\/cpmenjacnica.rs\/en\/blog\/","og_site_name":"CP Menja\u010dnica","article_modified_time":"2026-04-17T12:37:39+00:00","twitter_card":"summary_large_image","twitter_misc":{"Est. reading time":"1 minute"},"schema":{"@context":"https:\/\/schema.org","@graph":[{"@type":"WebPage","@id":"https:\/\/cpmenjacnica.rs\/blog\/","url":"https:\/\/cpmenjacnica.rs\/blog\/","name":"Kurs evra danas | Saveti i analize - Menja\u010dnica CP","isPartOf":{"@id":"https:\/\/cpmenjacnica.rs\/#website"},"datePublished":"2026-04-16T21:33:30+00:00","dateModified":"2026-04-17T12:37:39+00:00","description":"Pratite najnoviji kurs evra danas, korisne savete za zamenu valuta i saznajte kako da dobijete najbolji kurs u Beogradu.","breadcrumb":{"@id":"https:\/\/cpmenjacnica.rs\/blog\/#breadcrumb"},"inLanguage":"en-US","potentialAction":[{"@type":"ReadAction","target":["https:\/\/cpmenjacnica.rs\/blog\/"]}]},{"@type":"BreadcrumbList","@id":"https:\/\/cpmenjacnica.rs\/blog\/#breadcrumb","itemListElement":[{"@type":"ListItem","position":1,"name":"Home","item":"https:\/\/cpmenjacnica.rs\/"},{"@type":"ListItem","position":2,"name":"Blog"}]},{"@type":"WebSite","@id":"https:\/\/cpmenjacnica.rs\/#website","url":"https:\/\/cpmenjacnica.rs\/","name":"CP Exchange","description":"Po\u010detna","publisher":{"@id":"https:\/\/cpmenjacnica.rs\/#organization"},"potentialAction":[{"@type":"SearchAction","target":{"@type":"EntryPoint","urlTemplate":"https:\/\/cpmenjacnica.rs\/?s={search_term_string}"},"query-input":{"@type":"PropertyValueSpecification","valueRequired":true,"valueName":"search_term_string"}}],"inLanguage":"en-US"},{"@type":"Organization","@id":"https:\/\/cpmenjacnica.rs\/#organization","name":"CP Exchange","url":"https:\/\/cpmenjacnica.rs\/","logo":{"@type":"ImageObject","inLanguage":"en-US","@id":"https:\/\/cpmenjacnica.rs\/#\/schema\/logo\/image\/","url":"https:\/\/cpmenjacnica.rs\/wp-content\/uploads\/2025\/07\/cropped-ChatGPT-Image-Jul-15-2025-01_45_14-PM.png","contentUrl":"https:\/\/cpmenjacnica.rs\/wp-content\/uploads\/2025\/07\/cropped-ChatGPT-Image-Jul-15-2025-01_45_14-PM.png","width":1024,"height":1024,"caption":"CP Menja\u010dnica"},"image":{"@id":"https:\/\/cpmenjacnica.rs\/#\/schema\/logo\/image\/"}}]}},"_links":{"self":[{"href":"https:\/\/cpmenjacnica.rs\/en\/wp-json\/wp\/v2\/pages\/30807","targetHints":{"allow":["GET"]}}],"collection":[{"href":"https:\/\/cpmenjacnica.rs\/en\/wp-json\/wp\/v2\/pages"}],"about":[{"href":"https:\/\/cpmenjacnica.rs\/en\/wp-json\/wp\/v2\/types\/page"}],"author":[{"embeddable":true,"href":"https:\/\/cpmenjacnica.rs\/en\/wp-json\/wp\/v2\/users\/1"}],"replies":[{"embeddable":true,"href":"https:\/\/cpmenjacnica.rs\/en\/wp-json\/wp\/v2\/comments?post=30807"}],"version-history":[{"count":18,"href":"https:\/\/cpmenjacnica.rs\/en\/wp-json\/wp\/v2\/pages\/30807\/revisions"}],"predecessor-version":[{"id":30839,"href":"https:\/\/cpmenjacnica.rs\/en\/wp-json\/wp\/v2\/pages\/30807\/revisions\/30839"}],"wp:attachment":[{"href":"https:\/\/cpmenjacnica.rs\/en\/wp-json\/wp\/v2\/media?parent=30807"}],"curies":[{"name":"wp","href":"https:\/\/api.w.org\/{rel}","templated":true}]}}